{"id":7554,"date":"2021-01-17T14:23:25","date_gmt":"2021-01-17T14:23:25","guid":{"rendered":"https:\/\/zeitistrelativ.de\/blog\/?page_id=7554"},"modified":"2021-01-17T14:23:26","modified_gmt":"2021-01-17T14:23:26","slug":"publikationen","status":"publish","type":"page","link":"https:\/\/zeitistrelativ.de\/blog\/publikationen\/","title":{"rendered":"Publikationen"},"content":{"rendered":"\n<a href=\"https:\/\/www.grin.com\/de\/?partner_id=1832332\" target=\"_blank\" rel=\"noopener\"><img src=\"https:\/\/cdn.grin.com\/images\/grin\/grin-logo-de.png\" style=\"border: none;\"><\/a>\n\n\n\n<hr class=\"wp-block-separator has-text-color has-background has-black-background-color has-black-color is-style-dots\"\/>\n\n\n\n<div class=\"wp-block-media-text alignwide is-stacked-on-mobile\"><figure class=\"wp-block-media-text__media\"><a href=\"https:\/\/www.grin.com\/document\/974682\"><img loading=\"lazy\" width=\"723\" height=\"1024\" src=\"https:\/\/zeitistrelativ.de\/blog\/wp-content\/uploads\/2021\/01\/Bildschirmfoto-2021-01-17-um-14.40.46-723x1024.png\" alt=\"\" class=\"wp-image-7557 size-full\" srcset=\"https:\/\/zeitistrelativ.de\/blog\/wp-content\/uploads\/2021\/01\/Bildschirmfoto-2021-01-17-um-14.40.46-723x1024.png 723w, https:\/\/zeitistrelativ.de\/blog\/wp-content\/uploads\/2021\/01\/Bildschirmfoto-2021-01-17-um-14.40.46-212x300.png 212w, https:\/\/zeitistrelativ.de\/blog\/wp-content\/uploads\/2021\/01\/Bildschirmfoto-2021-01-17-um-14.40.46-768x1087.png 768w, https:\/\/zeitistrelativ.de\/blog\/wp-content\/uploads\/2021\/01\/Bildschirmfoto-2021-01-17-um-14.40.46-1085x1536.png 1085w, https:\/\/zeitistrelativ.de\/blog\/wp-content\/uploads\/2021\/01\/Bildschirmfoto-2021-01-17-um-14.40.46.png 1178w\" sizes=\"(max-width: 723px) 100vw, 723px\" \/><\/a><\/figure><div class=\"wp-block-media-text__content\">\n<h3>Kabale und Liebe. Die Inszenierung der literarischen Diktatszene<\/h3>\n\n\n\n<p>B\u00fchnenadaption und Verfilmungen im Vergleich.<\/p>\n\n\n\n<p>Die Arbeit besch\u00e4ftigt sich sowohl mit Friedrich Schillers Drama &#8220;Kabale und Liebe&#8221;, der Theaterinszenierung sowie der Verfilmung. Dabei liegt der Schwerpunkt in der Darstellung, Interpretation und Deutung der ber\u00fchmten Diktatszene in der sechsten Szene des dritten Akts<\/p>\n\n\n\n<p>Jahr: 2020<br>Seiten: 32<br>ISBN (eBook): 9783346324740<br>Preis: 12,99 \u20ac<\/p>\n<\/div><\/div>\n\n\n\n<hr class=\"wp-block-separator is-style-dots\"\/>\n\n\n\n<div class=\"wp-block-media-text alignwide is-stacked-on-mobile\"><figure class=\"wp-block-media-text__media\"><a href=\"https:\/\/www.grin.com\/document\/925709\"><img loading=\"lazy\" width=\"722\" height=\"1024\" src=\"https:\/\/zeitistrelativ.de\/blog\/wp-content\/uploads\/2021\/01\/Bildschirmfoto-2021-01-17-um-14.47.02-722x1024.png\" alt=\"\" class=\"wp-image-7562 size-full\" srcset=\"https:\/\/zeitistrelativ.de\/blog\/wp-content\/uploads\/2021\/01\/Bildschirmfoto-2021-01-17-um-14.47.02-722x1024.png 722w, https:\/\/zeitistrelativ.de\/blog\/wp-content\/uploads\/2021\/01\/Bildschirmfoto-2021-01-17-um-14.47.02-212x300.png 212w, https:\/\/zeitistrelativ.de\/blog\/wp-content\/uploads\/2021\/01\/Bildschirmfoto-2021-01-17-um-14.47.02-768x1089.png 768w, https:\/\/zeitistrelativ.de\/blog\/wp-content\/uploads\/2021\/01\/Bildschirmfoto-2021-01-17-um-14.47.02-1083x1536.png 1083w, https:\/\/zeitistrelativ.de\/blog\/wp-content\/uploads\/2021\/01\/Bildschirmfoto-2021-01-17-um-14.47.02.png 1178w\" sizes=\"(max-width: 722px) 100vw, 722px\" \/><\/a><\/figure><div class=\"wp-block-media-text__content\">\n<h3>Echte und gef\u00fchlte Grenzen des Sagbaren in der Politik<\/h3>\n\n\n\n<p>Analyse der Dresdner Rede von Bj\u00f6rn H\u00f6cke.<\/p>\n\n\n\n<p>Die seit mehreren Jahren, gef\u00fchrte Diskussion \u00fcber die gef\u00fchlten und tats\u00e4chlichen Grenzen des Sagbaren verdeutlicht die herausragende Stellung von Sprache in der Gesellschaft. Dabei ist nicht nur ausschlaggebend, was gesagt wird, sondern auch wie. Denn dieses herausragende Kommunikationsmittel ist selten objektiv in der Information und ebenso selten ideologie-indifferent. Dabei ist der Fokus sowohl auf die Text-, als auch auf die Wortebene zu richten.<\/p>\n\n\n\n<p>Jahr: 2020<br>Seiten: 47<br>ISBN (eBook): 9783346253149<br>Preis: 16,99 \u20ac<\/p>\n<\/div><\/div>\n\n\n\n<hr class=\"wp-block-separator is-style-dots\"\/>\n\n\n\n<div class=\"wp-block-media-text alignwide is-stacked-on-mobile\"><figure class=\"wp-block-media-text__media\"><a href=\"https:\/\/www.grin.com\/document\/926213\"><img loading=\"lazy\" width=\"723\" height=\"1024\" src=\"https:\/\/zeitistrelativ.de\/blog\/wp-content\/uploads\/2021\/01\/Bildschirmfoto-2021-01-17-um-14.52.59-723x1024.png\" alt=\"\" class=\"wp-image-7564 size-full\" srcset=\"https:\/\/zeitistrelativ.de\/blog\/wp-content\/uploads\/2021\/01\/Bildschirmfoto-2021-01-17-um-14.52.59-723x1024.png 723w, https:\/\/zeitistrelativ.de\/blog\/wp-content\/uploads\/2021\/01\/Bildschirmfoto-2021-01-17-um-14.52.59-212x300.png 212w, https:\/\/zeitistrelativ.de\/blog\/wp-content\/uploads\/2021\/01\/Bildschirmfoto-2021-01-17-um-14.52.59-768x1088.png 768w, https:\/\/zeitistrelativ.de\/blog\/wp-content\/uploads\/2021\/01\/Bildschirmfoto-2021-01-17-um-14.52.59-1084x1536.png 1084w, https:\/\/zeitistrelativ.de\/blog\/wp-content\/uploads\/2021\/01\/Bildschirmfoto-2021-01-17-um-14.52.59.png 1180w\" sizes=\"(max-width: 723px) 100vw, 723px\" \/><\/a><\/figure><div class=\"wp-block-media-text__content\">\n<h3>F\u00fchrt Selfpublishing zur Demokratisierung des Literaturbetriebs? Entstehung und Folgen des Selfpublishings<\/h3>\n\n\n\n<p>\u201eViele Menschen tr\u00e4umen davon, irgendwann ein Buch zu ver\u00f6ffentlichen\u201c<sup>1<\/sup>, stellte Georg Giersberg 2012 in der Frankfurter Allgemeinen in seinem Artikel \u00fcber das&nbsp;<em>Verlegen am Verlag vorbei<\/em>&nbsp;fest. Aber nichtjeder Autor findet f\u00fcr sein Werk einen passenden Verlag.&nbsp;Mittels Digitalisierung haben Autoren mittlerweile einen anderen Weg gefun\u00adden, ihren Roman, ihr Sachbuch oder ihre Erz\u00e4hlung dennoch zu ver\u00f6ffentlichen &#8211; ganz ohne Verleger.&nbsp;<\/p>\n\n\n\n<p>Jahr: 2019<br>Seiten: 42<br>ISBN (eBook): 9783346256126<br>Preis: 16,99 \u20ac<\/p>\n<\/div><\/div>\n\n\n\n<hr class=\"wp-block-separator is-style-dots\"\/>\n\n\n\n<div class=\"wp-block-media-text alignwide is-stacked-on-mobile\"><figure class=\"wp-block-media-text__media\"><a href=\"https:\/\/www.grin.com\/document\/500531\"><img loading=\"lazy\" width=\"723\" height=\"1024\" src=\"https:\/\/zeitistrelativ.de\/blog\/wp-content\/uploads\/2021\/01\/Bildschirmfoto-2021-01-17-um-14.56.46-723x1024.png\" alt=\"\" class=\"wp-image-7566 size-full\" srcset=\"https:\/\/zeitistrelativ.de\/blog\/wp-content\/uploads\/2021\/01\/Bildschirmfoto-2021-01-17-um-14.56.46-723x1024.png 723w, https:\/\/zeitistrelativ.de\/blog\/wp-content\/uploads\/2021\/01\/Bildschirmfoto-2021-01-17-um-14.56.46-212x300.png 212w, https:\/\/zeitistrelativ.de\/blog\/wp-content\/uploads\/2021\/01\/Bildschirmfoto-2021-01-17-um-14.56.46-768x1087.png 768w, https:\/\/zeitistrelativ.de\/blog\/wp-content\/uploads\/2021\/01\/Bildschirmfoto-2021-01-17-um-14.56.46-1085x1536.png 1085w, https:\/\/zeitistrelativ.de\/blog\/wp-content\/uploads\/2021\/01\/Bildschirmfoto-2021-01-17-um-14.56.46.png 1178w\" sizes=\"(max-width: 723px) 100vw, 723px\" \/><\/a><\/figure><div class=\"wp-block-media-text__content\">\n<h3>Raum und Todessemantik in Wilhelm Raabes &#8220;Else von der Tanne&#8221;<\/h3>\n\n\n\n<p>Wilhelm Raabes Novelle&nbsp;<em>Else von der Tanne oder Das Gl\u00fcck Domini Friedmann Leutenbachers, armer Diener am Wort Gottes zu Wallrode im Elend<\/em>&nbsp;befasst sich \u2013 von der Wissenschaft lange kaum geachtet<sup>1<\/sup>&nbsp;\u2013 mit Themen, die auch heute brandaktuell sind: Der Umgang mit Fremden, \u201eGrenzziehungen\u201c<sup>2<\/sup>, und die von der Masse ausgehende Gewalt.<\/p>\n\n\n\n<p>Jahr: 2019<br>Seiten: 22<br>ISBN (eBook): 9783346027405<br>Preis: 12,99 \u20ac <\/p>\n<\/div><\/div>\n\n\n\n<hr class=\"wp-block-separator is-style-dots\"\/>\n\n\n\n<div class=\"wp-block-media-text alignwide is-stacked-on-mobile\"><figure class=\"wp-block-media-text__media\"><a href=\"https:\/\/www.grin.com\/document\/451842\"><img loading=\"lazy\" width=\"723\" height=\"1024\" src=\"https:\/\/zeitistrelativ.de\/blog\/wp-content\/uploads\/2021\/01\/Bildschirmfoto-2021-01-17-um-14.56.46-1-723x1024.png\" alt=\"\" class=\"wp-image-7567 size-full\" srcset=\"https:\/\/zeitistrelativ.de\/blog\/wp-content\/uploads\/2021\/01\/Bildschirmfoto-2021-01-17-um-14.56.46-1-723x1024.png 723w, https:\/\/zeitistrelativ.de\/blog\/wp-content\/uploads\/2021\/01\/Bildschirmfoto-2021-01-17-um-14.56.46-1-212x300.png 212w, https:\/\/zeitistrelativ.de\/blog\/wp-content\/uploads\/2021\/01\/Bildschirmfoto-2021-01-17-um-14.56.46-1-768x1087.png 768w, https:\/\/zeitistrelativ.de\/blog\/wp-content\/uploads\/2021\/01\/Bildschirmfoto-2021-01-17-um-14.56.46-1-1085x1536.png 1085w, https:\/\/zeitistrelativ.de\/blog\/wp-content\/uploads\/2021\/01\/Bildschirmfoto-2021-01-17-um-14.56.46-1.png 1178w\" sizes=\"(max-width: 723px) 100vw, 723px\" \/><\/a><\/figure><div class=\"wp-block-media-text__content\">\n<h3>Die Analyse der Zusammenh\u00e4nge von Gewalt in R\u00e4umen in Veza Canettis Roman &#8220;Die Gelbe Stra\u00dfe&#8221;<\/h3>\n\n\n\n<p>Am Beispiel von Maja und Herrn Oger im Kapitel &#8220;Der Oger&#8221;.<\/p>\n\n\n\n<p>Die im Folgenden analysierte Erz\u00e4hlung&nbsp;<em>Der Oger<\/em>&nbsp;konzentriert sich auf den Unabh\u00e4ngigkeitskampf der Protagonistin und den Erhalt ihrer W\u00fcrde unter dem\u00fctigenden, patriarchalischen Lebensverh\u00e4ltnissen.&nbsp;Ein Thema, das auch noch 80 Jahre nach entstehen des urspr\u00fcnglichen Dramas aktuell ist.<\/p>\n\n\n\n<p>Jahr: 2018<br>Seiten: 24<br>ISBN (eBook): 9783668849136<br>Preis: 12,99 \u20ac <\/p>\n<\/div><\/div>\n\n\n\n<hr class=\"wp-block-separator is-style-dots\"\/>\n\n\n\n<div class=\"wp-block-media-text alignwide is-stacked-on-mobile\"><figure class=\"wp-block-media-text__media\"><a href=\"https:\/\/www.grin.com\/document\/593599\"><img loading=\"lazy\" width=\"720\" height=\"1024\" src=\"https:\/\/zeitistrelativ.de\/blog\/wp-content\/uploads\/2021\/01\/Bildschirmfoto-2021-01-17-um-15.02.59-720x1024.png\" alt=\"\" class=\"wp-image-7568 size-full\" srcset=\"https:\/\/zeitistrelativ.de\/blog\/wp-content\/uploads\/2021\/01\/Bildschirmfoto-2021-01-17-um-15.02.59-720x1024.png 720w, https:\/\/zeitistrelativ.de\/blog\/wp-content\/uploads\/2021\/01\/Bildschirmfoto-2021-01-17-um-15.02.59-211x300.png 211w, https:\/\/zeitistrelativ.de\/blog\/wp-content\/uploads\/2021\/01\/Bildschirmfoto-2021-01-17-um-15.02.59-768x1092.png 768w, https:\/\/zeitistrelativ.de\/blog\/wp-content\/uploads\/2021\/01\/Bildschirmfoto-2021-01-17-um-15.02.59-1080x1536.png 1080w, https:\/\/zeitistrelativ.de\/blog\/wp-content\/uploads\/2021\/01\/Bildschirmfoto-2021-01-17-um-15.02.59.png 1174w\" sizes=\"(max-width: 720px) 100vw, 720px\" \/><\/a><\/figure><div class=\"wp-block-media-text__content\">\n<h3>Nitrogen Dioxide Pollution. Background to EU Limits for Air Pollutants<\/h3>\n\n\n\n<p>This paper is an attempt to provide a comprehensive and systematic overview of European environmental policy, in particular the definition of the air pollutants\u2019 limit. The establishment of the air pollutants\u2019 limits in recent months has repeatedly led to heated debates both at EU level and at national level.<\/p>\n\n\n\n<p>Jahr: 2019<br>Seiten: 18<br>ISBN (eBook): 9783346205056<br>Preis: 12,99 \u20ac <\/p>\n<\/div><\/div>\n\n\n\n<p><\/p>\n","protected":false},"excerpt":{"rendered":"<p>Kabale und Liebe. Die Inszenierung der literarischen Diktatszene B\u00fchnenadaption und Verfilmungen im Vergleich. Die Arbeit besch\u00e4ftigt sich sowohl mit Friedrich Schillers Drama &#8220;Kabale und Liebe&#8221;, der Theaterinszenierung sowie der Verfilmung. Dabei liegt der Schwerpunkt in der Darstellung, Interpretation und Deutung der ber\u00fchmten Diktatszene in der sechsten Szene des dritten Akts<\/p>\n","protected":false},"author":2,"featured_media":0,"parent":0,"menu_order":0,"comment_status":"closed","ping_status":"closed","template":"","meta":{"_monsterinsights_skip_tracking":false,"_monsterinsights_sitenote_active":false,"_monsterinsights_sitenote_note":"","_monsterinsights_sitenote_category":0},"yoast_head":"<!-- This site is optimized with the Yoast SEO plugin v15.9 - https:\/\/yoast.com\/wordpress\/plugins\/seo\/ -->\n<title>Publikationen - Zeit ist Relativ<\/title>\n<meta name=\"description\" content=\"Auflistung der wissenschaftlichen Publikationen bei Grin von Julia Ziegert.\" \/>\n<meta name=\"robots\" content=\"index, follow, max-snippet:-1, max-image-preview:large, max-video-preview:-1\" \/>\n<link rel=\"canonical\" href=\"https:\/\/zeitistrelativ.de\/blog\/publikationen\/\" \/>\n<meta property=\"og:locale\" content=\"de_DE\" \/>\n<meta property=\"og:type\" content=\"article\" \/>\n<meta property=\"og:title\" content=\"Publikationen - Zeit ist Relativ\" \/>\n<meta property=\"og:description\" content=\"Auflistung der wissenschaftlichen Publikationen bei Grin von Julia Ziegert.\" \/>\n<meta property=\"og:url\" content=\"https:\/\/zeitistrelativ.de\/blog\/publikationen\/\" \/>\n<meta property=\"og:site_name\" content=\"Zeit ist Relativ\" \/>\n<meta property=\"article:modified_time\" content=\"2021-01-17T14:23:26+00:00\" \/>\n<meta property=\"og:image\" content=\"https:\/\/cdn.grin.com\/images\/grin\/grin-logo-de.png\" \/>\n<meta name=\"twitter:card\" content=\"summary_large_image\" \/>\n<meta name=\"twitter:label1\" content=\"Gesch\u00e4tzte Lesezeit\">\n\t<meta name=\"twitter:data1\" content=\"4\u00a0Minuten\">\n<script type=\"application\/ld+json\" class=\"yoast-schema-graph\">{\"@context\":\"https:\/\/schema.org\",\"@graph\":[{\"@type\":[\"Person\",\"Organization\"],\"@id\":\"https:\/\/zeitistrelativ.de\/blog\/#\/schema\/person\/a72431f44baebb3544fa2998799c0011\",\"name\":\"Julia\",\"image\":{\"@type\":\"ImageObject\",\"@id\":\"https:\/\/zeitistrelativ.de\/blog\/#personlogo\",\"inLanguage\":\"de\",\"url\":\"https:\/\/secure.gravatar.com\/avatar\/e457236960bd98e1c9f083c3dcb674a6?s=96&d=mm&r=g\",\"caption\":\"Julia\"},\"logo\":{\"@id\":\"https:\/\/zeitistrelativ.de\/blog\/#personlogo\"}},{\"@type\":\"WebSite\",\"@id\":\"https:\/\/zeitistrelativ.de\/blog\/#website\",\"url\":\"https:\/\/zeitistrelativ.de\/blog\/\",\"name\":\"Zeit ist Relativ\",\"description\":\"Lebenslust und Zeitmanagement im Alltag\",\"publisher\":{\"@id\":\"https:\/\/zeitistrelativ.de\/blog\/#\/schema\/person\/a72431f44baebb3544fa2998799c0011\"},\"potentialAction\":[{\"@type\":\"SearchAction\",\"target\":\"https:\/\/zeitistrelativ.de\/blog\/?s={search_term_string}\",\"query-input\":\"required name=search_term_string\"}],\"inLanguage\":\"de\"},{\"@type\":\"ImageObject\",\"@id\":\"https:\/\/zeitistrelativ.de\/blog\/publikationen\/#primaryimage\",\"inLanguage\":\"de\",\"url\":\"https:\/\/cdn.grin.com\/images\/grin\/grin-logo-de.png\"},{\"@type\":\"WebPage\",\"@id\":\"https:\/\/zeitistrelativ.de\/blog\/publikationen\/#webpage\",\"url\":\"https:\/\/zeitistrelativ.de\/blog\/publikationen\/\",\"name\":\"Publikationen - Zeit ist Relativ\",\"isPartOf\":{\"@id\":\"https:\/\/zeitistrelativ.de\/blog\/#website\"},\"primaryImageOfPage\":{\"@id\":\"https:\/\/zeitistrelativ.de\/blog\/publikationen\/#primaryimage\"},\"datePublished\":\"2021-01-17T14:23:25+00:00\",\"dateModified\":\"2021-01-17T14:23:26+00:00\",\"description\":\"Auflistung der wissenschaftlichen Publikationen bei Grin von Julia Ziegert.\",\"breadcrumb\":{\"@id\":\"https:\/\/zeitistrelativ.de\/blog\/publikationen\/#breadcrumb\"},\"inLanguage\":\"de\",\"potentialAction\":[{\"@type\":\"ReadAction\",\"target\":[\"https:\/\/zeitistrelativ.de\/blog\/publikationen\/\"]}]},{\"@type\":\"BreadcrumbList\",\"@id\":\"https:\/\/zeitistrelativ.de\/blog\/publikationen\/#breadcrumb\",\"itemListElement\":[{\"@type\":\"ListItem\",\"position\":1,\"item\":{\"@type\":\"WebPage\",\"@id\":\"https:\/\/zeitistrelativ.de\/blog\/\",\"url\":\"https:\/\/zeitistrelativ.de\/blog\/\",\"name\":\"Startseite\"}},{\"@type\":\"ListItem\",\"position\":2,\"item\":{\"@type\":\"WebPage\",\"@id\":\"https:\/\/zeitistrelativ.de\/blog\/publikationen\/\",\"url\":\"https:\/\/zeitistrelativ.de\/blog\/publikationen\/\",\"name\":\"Publikationen\"}}]}]}<\/script>\n<!-- \/ Yoast SEO plugin. -->","_links":{"self":[{"href":"https:\/\/zeitistrelativ.de\/blog\/wp-json\/wp\/v2\/pages\/7554"}],"collection":[{"href":"https:\/\/zeitistrelativ.de\/blog\/wp-json\/wp\/v2\/pages"}],"about":[{"href":"https:\/\/zeitistrelativ.de\/blog\/wp-json\/wp\/v2\/types\/page"}],"author":[{"embeddable":true,"href":"https:\/\/zeitistrelativ.de\/blog\/wp-json\/wp\/v2\/users\/2"}],"replies":[{"embeddable":true,"href":"https:\/\/zeitistrelativ.de\/blog\/wp-json\/wp\/v2\/comments?post=7554"}],"version-history":[{"count":10,"href":"https:\/\/zeitistrelativ.de\/blog\/wp-json\/wp\/v2\/pages\/7554\/revisions"}],"predecessor-version":[{"id":7570,"href":"https:\/\/zeitistrelativ.de\/blog\/wp-json\/wp\/v2\/pages\/7554\/revisions\/7570"}],"wp:attachment":[{"href":"https:\/\/zeitistrelativ.de\/blog\/wp-json\/wp\/v2\/media?parent=7554"}],"curies":[{"name":"wp","href":"https:\/\/api.w.org\/{rel}","templated":true}]}}